{"id":11584,"date":"2026-02-09T10:48:32","date_gmt":"2026-02-09T13:48:32","guid":{"rendered":"https:\/\/nuevaeramarine.com\/nuevaeramarine\/?page_id=11584"},"modified":"2026-03-03T10:40:28","modified_gmt":"2026-03-03T13:40:28","slug":"motores","status":"publish","type":"page","link":"https:\/\/nuevaeramarine.com\/nuevaeramarine\/motores\/","title":{"rendered":"Motores"},"content":{"rendered":"\t\t<div data-elementor-type=\"wp-page\" data-elementor-id=\"11584\" class=\"elementor elementor-11584\" data-elementor-post-type=\"page\">\n\t\t\t\t<div class=\"elementor-element elementor-element-2a3a1c4 e-flex e-con-boxed e-con e-parent\" data-id=\"2a3a1c4\" data-element_type=\"container\" data-e-type=\"container\">\n\t\t\t\t\t<div class=\"e-con-inner\">\n\t\t<div class=\"elementor-element elementor-element-ef7f870 e-con-full e-flex e-con e-child\" data-id=\"ef7f870\" data-element_type=\"container\" data-e-type=\"container\">\n\t\t\t\t<div class=\"elementor-element elementor-element-6f4e509 elementor-widget elementor-widget-text-editor\" data-id=\"6f4e509\" data-element_type=\"widget\" data-e-type=\"widget\" data-widget_type=\"text-editor.default\">\n\t\t\t\t<div class=\"elementor-widget-container\">\n\t\t\t\t\t\t\t\t\t<p>Nuevaera Marine\u00ae es <strong>representante oficial<\/strong> de los motores fuera de borda <strong data-start=\"162\" data-end=\"173\">Dtorque<\/strong>, <strong data-start=\"175\" data-end=\"190\">ePropulsion<\/strong> y <strong data-start=\"193\" data-end=\"203\">Aiqidi<\/strong>, ofreciendo soluciones de \u00faltima generaci\u00f3n orientadas a la eficiencia, sustentabilidad y alto rendimiento. Adem\u00e1s de ser <strong data-start=\"326\" data-end=\"384\">distribuidor autorizado <\/strong>de motores<strong data-start=\"326\" data-end=\"384\"> Yamaha <\/strong>y<strong data-start=\"326\" data-end=\"384\"> Mercury<\/strong>, l\u00edderes a nivel mundial en propulsi\u00f3n marina, garantizando a los clientes productos originales, respaldo t\u00e9cnico y un servicio posventa de excelencia.<\/p>\t\t\t\t\t\t\t\t<\/div>\n\t\t\t\t<\/div>\n\t\t\t\t<\/div>\n\t\t<div class=\"elementor-element elementor-element-306e98a e-con-full e-flex e-con e-child\" data-id=\"306e98a\" data-element_type=\"container\" data-e-type=\"container\">\n\t\t\t\t<div class=\"elementor-element elementor-element-fc03a4b elementor-widget elementor-widget-heading\" data-id=\"fc03a4b\" data-element_type=\"widget\" data-e-type=\"widget\" data-widget_type=\"heading.default\">\n\t\t\t\t<div class=\"elementor-widget-container\">\n\t\t\t\t\t<h4 class=\"elementor-heading-title elementor-size-default\">REPRESENTANTE OFICIAL<\/h4>\t\t\t\t<\/div>\n\t\t\t\t<\/div>\n\t\t<div class=\"elementor-element elementor-element-d5fe696 e-grid e-con-full e-con e-child\" data-id=\"d5fe696\" data-element_type=\"container\" data-e-type=\"container\">\n\t\t\t\t<div class=\"elementor-element elementor-element-e2c3a40 elementor-widget elementor-widget-image\" data-id=\"e2c3a40\" data-element_type=\"widget\" data-e-type=\"widget\" data-widget_type=\"image.default\">\n\t\t\t\t<div class=\"elementor-widget-container\">\n\t\t\t\t\t\t\t\t\t\t\t\t\t\t\t<img fetchpriority=\"high\" decoding=\"async\" width=\"950\" height=\"206\" src=\"https:\/\/nuevaeramarine.com\/nuevaeramarine\/wp-content\/uploads\/2026\/02\/Dtorque_Logo-blanco-1024x222.png\" class=\"attachment-large size-large wp-image-11728\" alt=\"\" srcset=\"https:\/\/nuevaeramarine.com\/nuevaeramarine\/wp-content\/uploads\/2026\/02\/Dtorque_Logo-blanco-1024x222.png 1024w, https:\/\/nuevaeramarine.com\/nuevaeramarine\/wp-content\/uploads\/2026\/02\/Dtorque_Logo-blanco-300x65.png 300w, https:\/\/nuevaeramarine.com\/nuevaeramarine\/wp-content\/uploads\/2026\/02\/Dtorque_Logo-blanco-2000x433.png 2000w, https:\/\/nuevaeramarine.com\/nuevaeramarine\/wp-content\/uploads\/2026\/02\/Dtorque_Logo-blanco-scaled-1536x332.png 1536w, https:\/\/nuevaeramarine.com\/nuevaeramarine\/wp-content\/uploads\/2026\/02\/Dtorque_Logo-blanco-scaled-2048x443.png 2048w\" sizes=\"100vw\" \/>\t\t\t\t\t\t\t\t\t\t\t\t\t\t\t<\/div>\n\t\t\t\t<\/div>\n\t\t\t\t<div class=\"elementor-element elementor-element-8440fba elementor-widget elementor-widget-image\" data-id=\"8440fba\" data-element_type=\"widget\" data-e-type=\"widget\" data-widget_type=\"image.default\">\n\t\t\t\t<div class=\"elementor-widget-container\">\n\t\t\t\t\t\t\t\t\t\t\t\t\t\t\t<img decoding=\"async\" width=\"950\" height=\"127\" src=\"https:\/\/nuevaeramarine.com\/nuevaeramarine\/wp-content\/uploads\/2026\/02\/epropulsion-logo-horizontal-blue.svg\" class=\"attachment-large size-large wp-image-11600\" alt=\"\" sizes=\"100vw\" \/>\t\t\t\t\t\t\t\t\t\t\t\t\t\t\t<\/div>\n\t\t\t\t<\/div>\n\t\t\t\t<div class=\"elementor-element elementor-element-7bfcaa9 elementor-widget elementor-widget-image\" data-id=\"7bfcaa9\" data-element_type=\"widget\" data-e-type=\"widget\" data-widget_type=\"image.default\">\n\t\t\t\t<div class=\"elementor-widget-container\">\n\t\t\t\t\t\t\t\t\t\t\t\t\t\t\t<img decoding=\"async\" width=\"500\" height=\"160\" src=\"https:\/\/nuevaeramarine.com\/nuevaeramarine\/wp-content\/uploads\/2026\/02\/Logo-AIQIDI.png\" class=\"attachment-large size-large wp-image-11610\" alt=\"\" srcset=\"https:\/\/nuevaeramarine.com\/nuevaeramarine\/wp-content\/uploads\/2026\/02\/Logo-AIQIDI.png 500w, https:\/\/nuevaeramarine.com\/nuevaeramarine\/wp-content\/uploads\/2026\/02\/Logo-AIQIDI-300x96.png 300w\" sizes=\"100vw\" \/>\t\t\t\t\t\t\t\t\t\t\t\t\t\t\t<\/div>\n\t\t\t\t<\/div>\n\t\t\t\t<\/div>\n\t\t\t\t<div class=\"elementor-element elementor-element-7299944 elementor-widget-divider--view-line elementor-widget elementor-widget-divider\" data-id=\"7299944\" data-element_type=\"widget\" data-e-type=\"widget\" data-widget_type=\"divider.default\">\n\t\t\t\t<div class=\"elementor-widget-container\">\n\t\t\t\t\t\t\t<div class=\"elementor-divider\">\n\t\t\t<span class=\"elementor-divider-separator\">\n\t\t\t\t\t\t<\/span>\n\t\t<\/div>\n\t\t\t\t\t\t<\/div>\n\t\t\t\t<\/div>\n\t\t\t\t<div class=\"elementor-element elementor-element-c8c944e elementor-widget elementor-widget-heading\" data-id=\"c8c944e\" data-element_type=\"widget\" data-e-type=\"widget\" data-widget_type=\"heading.default\">\n\t\t\t\t<div class=\"elementor-widget-container\">\n\t\t\t\t\t<h4 class=\"elementor-heading-title elementor-size-default\">DISTRIBUIDOR AUTORIZADO<\/h4>\t\t\t\t<\/div>\n\t\t\t\t<\/div>\n\t\t<div class=\"elementor-element elementor-element-5cff848 e-con-full e-flex e-con e-child\" data-id=\"5cff848\" data-element_type=\"container\" data-e-type=\"container\">\n\t\t<div class=\"elementor-element elementor-element-ae8fcaf e-grid e-con-full e-con e-child\" data-id=\"ae8fcaf\" data-element_type=\"container\" data-e-type=\"container\">\n\t\t\t\t<div class=\"elementor-element elementor-element-7eab878 elementor-widget elementor-widget-image\" data-id=\"7eab878\" data-element_type=\"widget\" data-e-type=\"widget\" data-widget_type=\"image.default\">\n\t\t\t\t<div class=\"elementor-widget-container\">\n\t\t\t\t\t\t\t\t\t\t\t\t\t\t\t<img loading=\"lazy\" decoding=\"async\" width=\"950\" height=\"248\" src=\"https:\/\/nuevaeramarine.com\/nuevaeramarine\/wp-content\/uploads\/2026\/02\/Yamaha_Motor_Company-Logo.wine_-1024x267.png\" class=\"attachment-large size-large wp-image-11699\" alt=\"\" srcset=\"https:\/\/nuevaeramarine.com\/nuevaeramarine\/wp-content\/uploads\/2026\/02\/Yamaha_Motor_Company-Logo.wine_-1024x267.png 1024w, https:\/\/nuevaeramarine.com\/nuevaeramarine\/wp-content\/uploads\/2026\/02\/Yamaha_Motor_Company-Logo.wine_-300x78.png 300w, https:\/\/nuevaeramarine.com\/nuevaeramarine\/wp-content\/uploads\/2026\/02\/Yamaha_Motor_Company-Logo.wine_-2000x522.png 2000w, https:\/\/nuevaeramarine.com\/nuevaeramarine\/wp-content\/uploads\/2026\/02\/Yamaha_Motor_Company-Logo.wine_-scaled-1536x401.png 1536w, https:\/\/nuevaeramarine.com\/nuevaeramarine\/wp-content\/uploads\/2026\/02\/Yamaha_Motor_Company-Logo.wine_-scaled-2048x534.png 2048w\" sizes=\"100vw\" \/>\t\t\t\t\t\t\t\t\t\t\t\t\t\t\t<\/div>\n\t\t\t\t<\/div>\n\t\t\t\t<div class=\"elementor-element elementor-element-a80ed14 elementor-widget elementor-widget-image\" data-id=\"a80ed14\" data-element_type=\"widget\" data-e-type=\"widget\" data-widget_type=\"image.default\">\n\t\t\t\t<div class=\"elementor-widget-container\">\n\t\t\t\t\t\t\t\t\t\t\t\t\t\t\t<img loading=\"lazy\" decoding=\"async\" width=\"950\" height=\"231\" src=\"https:\/\/nuevaeramarine.com\/nuevaeramarine\/wp-content\/uploads\/2026\/02\/mercury-footer-logo-1024x249.png\" class=\"attachment-large size-large wp-image-11708\" alt=\"\" srcset=\"https:\/\/nuevaeramarine.com\/nuevaeramarine\/wp-content\/uploads\/2026\/02\/mercury-footer-logo-1024x249.png 1024w, https:\/\/nuevaeramarine.com\/nuevaeramarine\/wp-content\/uploads\/2026\/02\/mercury-footer-logo-300x73.png 300w, https:\/\/nuevaeramarine.com\/nuevaeramarine\/wp-content\/uploads\/2026\/02\/mercury-footer-logo.png 1200w\" sizes=\"100vw\" \/>\t\t\t\t\t\t\t\t\t\t\t\t\t\t\t<\/div>\n\t\t\t\t<\/div>\n\t\t\t\t<\/div>\n\t\t\t\t<\/div>\n\t\t\t\t<\/div>\n\t\t\t\t\t<\/div>\n\t\t\t\t<\/div>\n\t\t\t\t<\/div>\n\t\t","protected":false},"excerpt":{"rendered":"<p>Nuevaera Marine\u00ae es representante oficial de los motores fuera de borda Dtorque, ePropulsion y Aiqidi, ofreciendo soluciones de \u00faltima generaci\u00f3n orientadas a la eficiencia, sustentabilidad y alto rendimiento. Adem\u00e1s de ser distribuidor autorizado de motores Yamaha y Mercury, l\u00edderes a nivel mundial en propulsi\u00f3n marina, garantizando a los clientes productos originales, respaldo t\u00e9cnico y un &hellip; <\/p>\n<p class=\"link-more\"><a href=\"https:\/\/nuevaeramarine.com\/nuevaeramarine\/motores\/\" class=\"more-link\">Leer m\u00e1s<span class=\"screen-reader-text\"> \u00abMotores\u00bb<\/span><\/a><\/p>\n","protected":false},"author":3,"featured_media":0,"parent":0,"menu_order":0,"comment_status":"closed","ping_status":"closed","template":"elementor_header_footer","meta":{"pgc_sgb_lightbox_settings":"","inspiro_hide_title":false,"footnotes":""},"class_list":["post-11584","page","type-page","status-publish","hentry"],"_links":{"self":[{"href":"https:\/\/nuevaeramarine.com\/nuevaeramarine\/wp-json\/wp\/v2\/pages\/11584","targetHints":{"allow":["GET"]}}],"collection":[{"href":"https:\/\/nuevaeramarine.com\/nuevaeramarine\/wp-json\/wp\/v2\/pages"}],"about":[{"href":"https:\/\/nuevaeramarine.com\/nuevaeramarine\/wp-json\/wp\/v2\/types\/page"}],"author":[{"embeddable":true,"href":"https:\/\/nuevaeramarine.com\/nuevaeramarine\/wp-json\/wp\/v2\/users\/3"}],"replies":[{"embeddable":true,"href":"https:\/\/nuevaeramarine.com\/nuevaeramarine\/wp-json\/wp\/v2\/comments?post=11584"}],"version-history":[{"count":135,"href":"https:\/\/nuevaeramarine.com\/nuevaeramarine\/wp-json\/wp\/v2\/pages\/11584\/revisions"}],"predecessor-version":[{"id":11835,"href":"https:\/\/nuevaeramarine.com\/nuevaeramarine\/wp-json\/wp\/v2\/pages\/11584\/revisions\/11835"}],"wp:attachment":[{"href":"https:\/\/nuevaeramarine.com\/nuevaeramarine\/wp-json\/wp\/v2\/media?parent=11584"}],"curies":[{"name":"wp","href":"https:\/\/api.w.org\/{rel}","templated":true}]}}